{"id":83,"date":"2023-12-20T12:47:57","date_gmt":"2023-12-20T12:47:57","guid":{"rendered":"https:\/\/ieee.org.co\/la-cci2024\/?page_id=83"},"modified":"2024-02-02T19:47:58","modified_gmt":"2024-02-02T19:47:58","slug":"steering-committee","status":"publish","type":"page","link":"https:\/\/ieee.org.co\/la-cci2024\/steering-committee\/","title":{"rendered":"Steering Committee"},"content":{"rendered":"\n<figure class=\"wp-block-table\"><table><tbody><tr><td><img loading=\"lazy\" decoding=\"async\" width=\"400\" height=\"400\" class=\"wp-image-44\" style=\"width: 150px\" src=\"https:\/\/ieee.org.co\/la-cci2024\/wp-content\/uploads\/sites\/15\/2023\/12\/ADOC-modified.png\" alt=\"\" srcset=\"https:\/\/ieee.org.co\/la-cci2024\/wp-content\/uploads\/sites\/15\/2023\/12\/ADOC-modified.png 400w, https:\/\/ieee.org.co\/la-cci2024\/wp-content\/uploads\/sites\/15\/2023\/12\/ADOC-modified-300x300.png 300w, https:\/\/ieee.org.co\/la-cci2024\/wp-content\/uploads\/sites\/15\/2023\/12\/ADOC-modified-150x150.png 150w\" sizes=\"auto, (max-width: 400px) 100vw, 400px\" \/><\/td><td>Alvaro David Orjuela Ca\u00f1\u00f3n<br><a href=\"mailto:dorjuela@ieee.org\">dorjuela@ieee.org<\/a><\/td><td>Universidad del Rosario<\/td><td>Chair<\/td><td>Colombia<\/td><\/tr><tr><td><img loading=\"lazy\" decoding=\"async\" width=\"203\" height=\"203\" class=\"wp-image-45\" style=\"width: 150px\" src=\"https:\/\/ieee.org.co\/la-cci2024\/wp-content\/uploads\/sites\/15\/2023\/12\/CBF-modified.png\" alt=\"\" srcset=\"https:\/\/ieee.org.co\/la-cci2024\/wp-content\/uploads\/sites\/15\/2023\/12\/CBF-modified.png 203w, https:\/\/ieee.org.co\/la-cci2024\/wp-content\/uploads\/sites\/15\/2023\/12\/CBF-modified-150x150.png 150w\" sizes=\"auto, (max-width: 203px) 100vw, 203px\" \/><\/td><td>Carmelo Bastos Filho<br><a href=\"mailto:carmelofilho@ieee.org\">carmelofilho@ieee.org<\/a><\/td><td>Universidade de Pernambuco<\/td><td>Past chair<\/td><td>Brazil<\/td><\/tr><tr><td><img loading=\"lazy\" decoding=\"async\" width=\"373\" height=\"373\" class=\"wp-image-48\" style=\"width: 150px\" src=\"https:\/\/ieee.org.co\/la-cci2024\/wp-content\/uploads\/sites\/15\/2023\/12\/FB-modified.png\" alt=\"\" srcset=\"https:\/\/ieee.org.co\/la-cci2024\/wp-content\/uploads\/sites\/15\/2023\/12\/FB-modified.png 373w, https:\/\/ieee.org.co\/la-cci2024\/wp-content\/uploads\/sites\/15\/2023\/12\/FB-modified-300x300.png 300w, https:\/\/ieee.org.co\/la-cci2024\/wp-content\/uploads\/sites\/15\/2023\/12\/FB-modified-150x150.png 150w\" sizes=\"auto, (max-width: 373px) 100vw, 373px\" \/><\/td><td>Fernando Buarque &nbsp; <br><a href=\"mailto:fbln@ecomp.poli.br\">fbln@ecomp.poli.br<\/a><\/td><td>Universidade de Pernambuco<\/td><td>Steering Committee<\/td><td>Brazil<\/td><\/tr><tr><td><img loading=\"lazy\" decoding=\"async\" width=\"225\" height=\"225\" class=\"wp-image-50\" style=\"width: 150px\" src=\"https:\/\/ieee.org.co\/la-cci2024\/wp-content\/uploads\/sites\/15\/2023\/12\/HL-modified.png\" alt=\"\" srcset=\"https:\/\/ieee.org.co\/la-cci2024\/wp-content\/uploads\/sites\/15\/2023\/12\/HL-modified.png 225w, https:\/\/ieee.org.co\/la-cci2024\/wp-content\/uploads\/sites\/15\/2023\/12\/HL-modified-150x150.png 150w\" sizes=\"auto, (max-width: 225px) 100vw, 225px\" \/><\/td><td>Heitor Lopes<br><a href=\"mailto:heitorslopes@gmail.com\">heitorslopes@gmail.com<\/a><\/td><td>Universidade Tecnol\u00f3gica Federal do Paran\u00e1<\/td><td>Steering Committee<\/td><td>Brazil<\/td><\/tr><tr><td><img loading=\"lazy\" decoding=\"async\" width=\"360\" height=\"360\" class=\"wp-image-47\" style=\"width: 150px\" src=\"https:\/\/ieee.org.co\/la-cci2024\/wp-content\/uploads\/sites\/15\/2023\/12\/DP-modified.png\" alt=\"\" srcset=\"https:\/\/ieee.org.co\/la-cci2024\/wp-content\/uploads\/sites\/15\/2023\/12\/DP-modified.png 360w, https:\/\/ieee.org.co\/la-cci2024\/wp-content\/uploads\/sites\/15\/2023\/12\/DP-modified-300x300.png 300w, https:\/\/ieee.org.co\/la-cci2024\/wp-content\/uploads\/sites\/15\/2023\/12\/DP-modified-150x150.png 150w\" sizes=\"auto, (max-width: 360px) 100vw, 360px\" \/><\/td><td>Diego Pinheiro<br><a href=\"mailto:diego.silva@unicap.br\">diego.silva@unicap.br<\/a><\/td><td>Universidade Cat\u00f3lica de Pernambuco<\/td><td>Steering Committee<\/td><td>Brazil<\/td><\/tr><tr><td><img loading=\"lazy\" decoding=\"async\" width=\"1794\" height=\"1794\" class=\"wp-image-57\" style=\"width: 150px\" src=\"https:\/\/ieee.org.co\/la-cci2024\/wp-content\/uploads\/sites\/15\/2023\/12\/GF-modified-min.png\" alt=\"\" srcset=\"https:\/\/ieee.org.co\/la-cci2024\/wp-content\/uploads\/sites\/15\/2023\/12\/GF-modified-min.png 1794w, https:\/\/ieee.org.co\/la-cci2024\/wp-content\/uploads\/sites\/15\/2023\/12\/GF-modified-min-300x300.png 300w, https:\/\/ieee.org.co\/la-cci2024\/wp-content\/uploads\/sites\/15\/2023\/12\/GF-modified-min-1024x1024.png 1024w, https:\/\/ieee.org.co\/la-cci2024\/wp-content\/uploads\/sites\/15\/2023\/12\/GF-modified-min-150x150.png 150w, https:\/\/ieee.org.co\/la-cci2024\/wp-content\/uploads\/sites\/15\/2023\/12\/GF-modified-min-768x768.png 768w, https:\/\/ieee.org.co\/la-cci2024\/wp-content\/uploads\/sites\/15\/2023\/12\/GF-modified-min-1536x1536.png 1536w\" sizes=\"auto, (max-width: 1794px) 100vw, 1794px\" \/><\/td><td>Gary Fogel<br><a href=\"mailto:gfogel@natural-selection.com\">gfogel@natural-selection.com<\/a><\/td><td>Natural Selection<\/td><td>Steering Committee<\/td><td>USA<\/td><\/tr><tr><td><img loading=\"lazy\" decoding=\"async\" width=\"209\" height=\"209\" class=\"wp-image-46\" style=\"width: 150px\" src=\"https:\/\/ieee.org.co\/la-cci2024\/wp-content\/uploads\/sites\/15\/2023\/12\/CRR-modified.png\" alt=\"\" srcset=\"https:\/\/ieee.org.co\/la-cci2024\/wp-content\/uploads\/sites\/15\/2023\/12\/CRR-modified.png 209w, https:\/\/ieee.org.co\/la-cci2024\/wp-content\/uploads\/sites\/15\/2023\/12\/CRR-modified-150x150.png 150w\" sizes=\"auto, (max-width: 209px) 100vw, 209px\" \/><\/td><td>Cristian Rodriguez Rivero<br><a href=\"mailto:cristian.rodriguezrivero@gmail.com\">cristian.rodriguezrivero@gmail.com<\/a><\/td><td>University of Amsterdam<\/td><td>Steering Committee<\/td><td>Argentina<\/td><\/tr><tr><td><img loading=\"lazy\" decoding=\"async\" width=\"137\" height=\"137\" class=\"wp-image-54\" style=\"width: 137px\" src=\"https:\/\/ieee.org.co\/la-cci2024\/wp-content\/uploads\/sites\/15\/2023\/12\/YT-modified.png\" alt=\"\"><\/td><td>Yv\u00e1n T\u00fapac <br><a href=\"mailto:yvantv@gmail.com\">yvantv@gmail.com<\/a><\/td><td>Universidad Cat\u00f3lica San Pablo<\/td><td>Steering Committee<\/td><td>Peru<\/td><\/tr><tr><td><img loading=\"lazy\" decoding=\"async\" width=\"120\" height=\"120\" class=\"wp-image-49\" style=\"width: 120px\" src=\"https:\/\/ieee.org.co\/la-cci2024\/wp-content\/uploads\/sites\/15\/2023\/12\/HC-modified.png\" alt=\"\"><\/td><td>Hector Cancela<br><a href=\"mailto:cancela@fing.edu.uy\">cancela@fing.edu.uy<\/a><\/td><td>Universidad de La Rep\u00fablica<\/td><td>Steering Committee<\/td><td>Uruguay<\/td><\/tr><tr><td><img loading=\"lazy\" decoding=\"async\" width=\"1013\" height=\"1013\" class=\"wp-image-52\" style=\"width: 150px\" src=\"https:\/\/ieee.org.co\/la-cci2024\/wp-content\/uploads\/sites\/15\/2023\/12\/MP2-modified.png\" alt=\"\" srcset=\"https:\/\/ieee.org.co\/la-cci2024\/wp-content\/uploads\/sites\/15\/2023\/12\/MP2-modified.png 1013w, https:\/\/ieee.org.co\/la-cci2024\/wp-content\/uploads\/sites\/15\/2023\/12\/MP2-modified-300x300.png 300w, https:\/\/ieee.org.co\/la-cci2024\/wp-content\/uploads\/sites\/15\/2023\/12\/MP2-modified-150x150.png 150w, https:\/\/ieee.org.co\/la-cci2024\/wp-content\/uploads\/sites\/15\/2023\/12\/MP2-modified-768x768.png 768w\" sizes=\"auto, (max-width: 1013px) 100vw, 1013px\" \/><\/td><td>Mart\u00edn Pedemonte<br><a href=\"mailto:mpedemon@fing.edu.uy\">mpedemon@fing.edu.uy<\/a><\/td><td>Universidad de La Rep\u00fablica<\/td><td>Steering Committee<\/td><td>Uruguay<\/td><\/tr><tr><td><img loading=\"lazy\" decoding=\"async\" width=\"491\" height=\"491\" class=\"wp-image-53\" style=\"width: 150px\" src=\"https:\/\/ieee.org.co\/la-cci2024\/wp-content\/uploads\/sites\/15\/2023\/12\/STA-modified.png\" alt=\"\" srcset=\"https:\/\/ieee.org.co\/la-cci2024\/wp-content\/uploads\/sites\/15\/2023\/12\/STA-modified.png 491w, https:\/\/ieee.org.co\/la-cci2024\/wp-content\/uploads\/sites\/15\/2023\/12\/STA-modified-300x300.png 300w, https:\/\/ieee.org.co\/la-cci2024\/wp-content\/uploads\/sites\/15\/2023\/12\/STA-modified-150x150.png 150w\" sizes=\"auto, (max-width: 491px) 100vw, 491px\" \/><\/td><td>Sa\u00fal Tovar-Arriaga<br>saul.tovar@uaq.mx <\/td><td>Universidad Aut\u00f3noma de Queretaro<\/td><td>Steering Committee<\/td><td>Mexico<\/td><\/tr><tr><td><img loading=\"lazy\" decoding=\"async\" width=\"265\" height=\"265\" class=\"wp-image-51\" style=\"width: 150px\" src=\"https:\/\/ieee.org.co\/la-cci2024\/wp-content\/uploads\/sites\/15\/2023\/12\/JB-modified.png\" alt=\"\" srcset=\"https:\/\/ieee.org.co\/la-cci2024\/wp-content\/uploads\/sites\/15\/2023\/12\/JB-modified.png 265w, https:\/\/ieee.org.co\/la-cci2024\/wp-content\/uploads\/sites\/15\/2023\/12\/JB-modified-150x150.png 150w\" sizes=\"auto, (max-width: 265px) 100vw, 265px\" \/><\/td><td>Julio Barzola-Monteses<br>jbarzola@ieee.org  <\/td><td>University of Guayaquil<\/td><td>Steering Committee<\/td><td>Ecuador<\/td><\/tr><tr><td><img loading=\"lazy\" decoding=\"async\" width=\"240\" height=\"240\" class=\"wp-image-60\" style=\"width: 150px\" src=\"https:\/\/ieee.org.co\/la-cci2024\/wp-content\/uploads\/sites\/15\/2023\/12\/JVQ-modified.png\" alt=\"\" srcset=\"https:\/\/ieee.org.co\/la-cci2024\/wp-content\/uploads\/sites\/15\/2023\/12\/JVQ-modified.png 240w, https:\/\/ieee.org.co\/la-cci2024\/wp-content\/uploads\/sites\/15\/2023\/12\/JVQ-modified-150x150.png 150w\" sizes=\"auto, (max-width: 240px) 100vw, 240px\" \/><\/td><td>Jorge Vergara Quezada<br><a href=\"mailto:jorgever@utem.cl\">jorgever@utem.cl<\/a><\/td><td>Universidad Tecnol\u00f3gica Metropolitana<\/td><td>Steering Committee<\/td><td>Chile<\/td><\/tr><\/tbody><\/table><\/figure>\n","protected":false},"excerpt":{"rendered":"<p>Alvaro David Orjuela Ca\u00f1\u00f3ndorjuela@ieee.orgUniversidad del RosarioChairColombiaCarmelo Bastos Filhocarmelofilho@ieee.orgUniversidade de PernambucoPast chairBrazilFernando Buarque &nbsp; fbln@ecomp.poli.brUniversidade de PernambucoSteering CommitteeBrazilHeitor Lopesheitorslopes@gmail.comUniversidade Tecnol\u00f3gica Federal do Paran\u00e1Steering CommitteeBrazilDiego Pinheirodiego.silva@unicap.brUniversidade Cat\u00f3lica de PernambucoSteering CommitteeBrazilGary Fogelgfogel@natural-selection.comNatural SelectionSteering CommitteeUSACristian Rodriguez Riverocristian.rodriguezrivero@gmail.comUniversity of AmsterdamSteering CommitteeArgentinaYv\u00e1n T\u00fapac yvantv@gmail.comUniversidad Cat\u00f3lica San PabloSteering CommitteePeruHector Cancelacancela@fing.edu.uyUniversidad de La &#8230;<\/p>\n","protected":false},"author":7,"featured_media":0,"parent":0,"menu_order":0,"comment_status":"closed","ping_status":"closed","template":"","meta":{"footnotes":""},"class_list":["post-83","page","type-page","status-publish","hentry"],"aioseo_notices":[],"_links":{"self":[{"href":"https:\/\/ieee.org.co\/la-cci2024\/wp-json\/wp\/v2\/pages\/83","targetHints":{"allow":["GET"]}}],"collection":[{"href":"https:\/\/ieee.org.co\/la-cci2024\/wp-json\/wp\/v2\/pages"}],"about":[{"href":"https:\/\/ieee.org.co\/la-cci2024\/wp-json\/wp\/v2\/types\/page"}],"author":[{"embeddable":true,"href":"https:\/\/ieee.org.co\/la-cci2024\/wp-json\/wp\/v2\/users\/7"}],"replies":[{"embeddable":true,"href":"https:\/\/ieee.org.co\/la-cci2024\/wp-json\/wp\/v2\/comments?post=83"}],"version-history":[{"count":3,"href":"https:\/\/ieee.org.co\/la-cci2024\/wp-json\/wp\/v2\/pages\/83\/revisions"}],"predecessor-version":[{"id":111,"href":"https:\/\/ieee.org.co\/la-cci2024\/wp-json\/wp\/v2\/pages\/83\/revisions\/111"}],"wp:attachment":[{"href":"https:\/\/ieee.org.co\/la-cci2024\/wp-json\/wp\/v2\/media?parent=83"}],"curies":[{"name":"wp","href":"https:\/\/api.w.org\/{rel}","templated":true}]}}